{"id":6702,"date":"2022-05-26T07:33:48","date_gmt":"2022-05-26T07:33:48","guid":{"rendered":"https:\/\/tmidonumdei.com\/?page_id=6702"},"modified":"2023-03-22T14:59:28","modified_gmt":"2023-03-22T06:59:28","slug":"quem-somos","status":"publish","type":"page","link":"https:\/\/tmidonumdei.com\/?page_id=6702&lang=pt","title":{"rendered":"Quem somos?"},"content":{"rendered":"\t\t<div data-elementor-type=\"wp-page\" data-elementor-id=\"6702\" class=\"elementor elementor-6702\">\n\t\t\t\t\t\t\t\t\t<section class=\"elementor-section elementor-top-section elementor-element elementor-element-8c591c8 elementor-section-height-min-height ot-traditional elementor-section-boxed elementor-section-height-default elementor-section-items-middle wpr-particle-no wpr-jarallax-no wpr-parallax-no wpr-sticky-section-no\" data-id=\"8c591c8\" data-element_type=\"section\" data-settings=\"{&quot;background_background&quot;:&quot;classic&quot;,&quot;_ha_eqh_enable&quot;:false}\">\n\t\t\t\t\t\t\t<div class=\"elementor-background-overlay\"><\/div>\n\t\t\t\t\t\t\t<div class=\"elementor-container elementor-column-gap-default\">\n\t\t\t\t\t<div class=\"elementor-column elementor-col-100 elementor-top-column elementor-element elementor-element-26dfb93 ot-flex-column-vertical\" data-id=\"26dfb93\" data-element_type=\"column\">\n\t\t\t<div class=\"elementor-widget-wrap elementor-element-populated\">\n\t\t\t\t\t\t\t\t<div class=\"elementor-element elementor-element-2f5dbea elementor-invisible elementor-widget elementor-widget-heading\" data-id=\"2f5dbea\" data-element_type=\"widget\" data-settings=\"{&quot;_animation&quot;:&quot;fadeInDown&quot;}\" data-widget_type=\"heading.default\">\n\t\t\t\t<div class=\"elementor-widget-container\">\n\t\t\t<style>\/*! elementor - v3.18.0 - 20-12-2023 *\/\n.elementor-heading-title{padding:0;margin:0;line-height:1}.elementor-widget-heading .elementor-heading-title[class*=elementor-size-]>a{color:inherit;font-size:inherit;line-height:inherit}.elementor-widget-heading .elementor-heading-title.elementor-size-small{font-size:15px}.elementor-widget-heading .elementor-heading-title.elementor-size-medium{font-size:19px}.elementor-widget-heading .elementor-heading-title.elementor-size-large{font-size:29px}.elementor-widget-heading .elementor-heading-title.elementor-size-xl{font-size:39px}.elementor-widget-heading .elementor-heading-title.elementor-size-xxl{font-size:59px}<\/style><h2 class=\"elementor-heading-title elementor-size-default\">Quem somos ?<\/h2>\t\t<\/div>\n\t\t\t\t<\/div>\n\t\t\t\t<div class=\"elementor-element elementor-element-4af897b elementor-invisible elementor-widget elementor-widget-heading\" data-id=\"4af897b\" data-element_type=\"widget\" data-settings=\"{&quot;_animation&quot;:&quot;fadeInDown&quot;}\" data-widget_type=\"heading.default\">\n\t\t\t\t<div class=\"elementor-widget-container\">\n\t\t\t<h2 class=\"elementor-heading-title elementor-size-default\">As Trabalhadoras Mission\u00e1rias da Imaculada<\/h2>\t\t<\/div>\n\t\t\t\t<\/div>\n\t\t\t\t\t<\/div>\n\t\t<\/div>\n\t\t\t\t\t\t\t<\/div>\n\t\t<\/section>\n\t\t\t\t<section class=\"elementor-section elementor-top-section elementor-element elementor-element-70799c0 ot-traditional elementor-section-boxed elementor-section-height-default elementor-section-height-default wpr-particle-no wpr-jarallax-no wpr-parallax-no wpr-sticky-section-no\" data-id=\"70799c0\" data-element_type=\"section\" data-settings=\"{&quot;_ha_eqh_enable&quot;:false}\">\n\t\t\t\t\t\t<div class=\"elementor-container elementor-column-gap-default\">\n\t\t\t\t\t<div class=\"elementor-column elementor-col-100 elementor-top-column elementor-element elementor-element-d1f2fc5 ot-flex-column-vertical\" data-id=\"d1f2fc5\" data-element_type=\"column\">\n\t\t\t<div class=\"elementor-widget-wrap elementor-element-populated\">\n\t\t\t\t\t\t\t\t<div class=\"elementor-element elementor-element-ad7172a elementor-arrows-position-inside elementor-invisible elementor-widget elementor-widget-image-carousel\" data-id=\"ad7172a\" data-element_type=\"widget\" data-settings=\"{&quot;slides_to_show&quot;:&quot;4&quot;,&quot;slides_to_scroll&quot;:&quot;1&quot;,&quot;navigation&quot;:&quot;arrows&quot;,&quot;lazyload&quot;:&quot;yes&quot;,&quot;_animation&quot;:&quot;fadeInDown&quot;,&quot;autoplay&quot;:&quot;yes&quot;,&quot;pause_on_hover&quot;:&quot;yes&quot;,&quot;pause_on_interaction&quot;:&quot;yes&quot;,&quot;autoplay_speed&quot;:5000,&quot;infinite&quot;:&quot;yes&quot;,&quot;speed&quot;:500,&quot;image_spacing_custom&quot;:{&quot;unit&quot;:&quot;px&quot;,&quot;size&quot;:20,&quot;sizes&quot;:[]},&quot;image_spacing_custom_tablet&quot;:{&quot;unit&quot;:&quot;px&quot;,&quot;size&quot;:&quot;&quot;,&quot;sizes&quot;:[]},&quot;image_spacing_custom_mobile&quot;:{&quot;unit&quot;:&quot;px&quot;,&quot;size&quot;:&quot;&quot;,&quot;sizes&quot;:[]}}\" data-widget_type=\"image-carousel.default\">\n\t\t\t\t<div class=\"elementor-widget-container\">\n\t\t\t<style>\/*! elementor - v3.18.0 - 20-12-2023 *\/\n.elementor-widget-image-carousel .swiper,.elementor-widget-image-carousel .swiper-container{position:static}.elementor-widget-image-carousel .swiper-container .swiper-slide figure,.elementor-widget-image-carousel .swiper .swiper-slide figure{line-height:inherit}.elementor-widget-image-carousel .swiper-slide{text-align:center}.elementor-image-carousel-wrapper:not(.swiper-container-initialized):not(.swiper-initialized) .swiper-slide{max-width:calc(100% \/ var(--e-image-carousel-slides-to-show, 3))}<\/style>\t\t<div class=\"elementor-image-carousel-wrapper swiper-container\" dir=\"ltr\">\n\t\t\t<div class=\"elementor-image-carousel swiper-wrapper\" aria-live=\"off\">\n\t\t\t\t\t\t\t\t<div class=\"swiper-slide\" role=\"group\" aria-roledescription=\"slide\" aria-label=\"1 of 7\"><a data-elementor-open-lightbox=\"yes\" data-elementor-lightbox-slideshow=\"ad7172a\" data-elementor-lightbox-title=\"1. sainte agn\u00e8s\" data-e-action-hash=\"#elementor-action%3Aaction%3Dlightbox%26settings%3DeyJpZCI6Njg1MCwidXJsIjoiaHR0cHM6XC9cL3RtaWRvbnVtZGVpLmNvbVwvd3AtY29udGVudFwvdXBsb2Fkc1wvMjAyM1wvMDNcLzEuLXNhaW50ZS1hZ25lcy5wbmciLCJzbGlkZXNob3ciOiJhZDcxNzJhIn0%3D\" href=\"https:\/\/tmidonumdei.com\/wp-content\/uploads\/2023\/03\/1.-sainte-agnes.png\"><figure class=\"swiper-slide-inner\"><img class=\"swiper-slide-image swiper-lazy\" data-src=\"https:\/\/tmidonumdei.com\/wp-content\/uploads\/2023\/03\/1.-sainte-agnes-188x300.png\" alt=\"1. sainte agn\u00e8s\" \/><div class=\"swiper-lazy-preloader\"><\/div><\/figure><\/a><\/div><div class=\"swiper-slide\" role=\"group\" aria-roledescription=\"slide\" aria-label=\"2 of 7\"><a data-elementor-open-lightbox=\"yes\" data-elementor-lightbox-slideshow=\"ad7172a\" data-elementor-lightbox-title=\"2.Sainte Agathe\" data-e-action-hash=\"#elementor-action%3Aaction%3Dlightbox%26settings%3DeyJpZCI6Njg1MSwidXJsIjoiaHR0cHM6XC9cL3RtaWRvbnVtZGVpLmNvbVwvd3AtY29udGVudFwvdXBsb2Fkc1wvMjAyM1wvMDNcLzIuU2FpbnRlLUFnYXRoZS5wbmciLCJzbGlkZXNob3ciOiJhZDcxNzJhIn0%3D\" href=\"https:\/\/tmidonumdei.com\/wp-content\/uploads\/2023\/03\/2.Sainte-Agathe.png\"><figure class=\"swiper-slide-inner\"><img class=\"swiper-slide-image swiper-lazy\" data-src=\"https:\/\/tmidonumdei.com\/wp-content\/uploads\/2023\/03\/2.Sainte-Agathe-232x300.png\" alt=\"2.Sainte Agathe\" \/><div class=\"swiper-lazy-preloader\"><\/div><\/figure><\/a><\/div><div class=\"swiper-slide\" role=\"group\" aria-roledescription=\"slide\" aria-label=\"3 of 7\"><a data-elementor-open-lightbox=\"yes\" data-elementor-lightbox-slideshow=\"ad7172a\" data-elementor-lightbox-title=\"3.Sainte Lucie\" data-e-action-hash=\"#elementor-action%3Aaction%3Dlightbox%26settings%3DeyJpZCI6Njg1MiwidXJsIjoiaHR0cHM6XC9cL3RtaWRvbnVtZGVpLmNvbVwvd3AtY29udGVudFwvdXBsb2Fkc1wvMjAyM1wvMDNcLzMuU2FpbnRlLUx1Y2llLnBuZyIsInNsaWRlc2hvdyI6ImFkNzE3MmEifQ%3D%3D\" href=\"https:\/\/tmidonumdei.com\/wp-content\/uploads\/2023\/03\/3.Sainte-Lucie.png\"><figure class=\"swiper-slide-inner\"><img class=\"swiper-slide-image swiper-lazy\" data-src=\"https:\/\/tmidonumdei.com\/wp-content\/uploads\/2023\/03\/3.Sainte-Lucie-274x300.png\" alt=\"3.Sainte Lucie\" \/><div class=\"swiper-lazy-preloader\"><\/div><\/figure><\/a><\/div><div class=\"swiper-slide\" role=\"group\" aria-roledescription=\"slide\" aria-label=\"4 of 7\"><a data-elementor-open-lightbox=\"yes\" data-elementor-lightbox-slideshow=\"ad7172a\" data-elementor-lightbox-title=\"4.sainte Catherine d_Alexandrie\" data-e-action-hash=\"#elementor-action%3Aaction%3Dlightbox%26settings%3DeyJpZCI6Njg1MywidXJsIjoiaHR0cHM6XC9cL3RtaWRvbnVtZGVpLmNvbVwvd3AtY29udGVudFwvdXBsb2Fkc1wvMjAyM1wvMDNcLzQuc2FpbnRlLUNhdGhlcmluZS1kX0FsZXhhbmRyaWUucG5nIiwic2xpZGVzaG93IjoiYWQ3MTcyYSJ9\" href=\"https:\/\/tmidonumdei.com\/wp-content\/uploads\/2023\/03\/4.sainte-Catherine-d_Alexandrie.png\"><figure class=\"swiper-slide-inner\"><img class=\"swiper-slide-image swiper-lazy\" data-src=\"https:\/\/tmidonumdei.com\/wp-content\/uploads\/2023\/03\/4.sainte-Catherine-d_Alexandrie.png\" alt=\"4.sainte Catherine d_Alexandrie\" \/><div class=\"swiper-lazy-preloader\"><\/div><\/figure><\/a><\/div><div class=\"swiper-slide\" role=\"group\" aria-roledescription=\"slide\" aria-label=\"5 of 7\"><a data-elementor-open-lightbox=\"yes\" data-elementor-lightbox-slideshow=\"ad7172a\" data-elementor-lightbox-title=\"6.Saintes Perpetue et F\u00e9licit\u00e9\" data-e-action-hash=\"#elementor-action%3Aaction%3Dlightbox%26settings%3DeyJpZCI6Njg1NSwidXJsIjoiaHR0cHM6XC9cL3RtaWRvbnVtZGVpLmNvbVwvd3AtY29udGVudFwvdXBsb2Fkc1wvMjAyM1wvMDNcLzYuU2FpbnRlcy1QZXJwZXR1ZS1ldC1GZWxpY2l0ZS5qcGciLCJzbGlkZXNob3ciOiJhZDcxNzJhIn0%3D\" href=\"https:\/\/tmidonumdei.com\/wp-content\/uploads\/2023\/03\/6.Saintes-Perpetue-et-Felicite.jpg\"><figure class=\"swiper-slide-inner\"><img class=\"swiper-slide-image swiper-lazy\" data-src=\"https:\/\/tmidonumdei.com\/wp-content\/uploads\/2023\/03\/6.Saintes-Perpetue-et-Felicite-300x236.jpg\" alt=\"6.Saintes Perpetue et F\u00e9licit\u00e9\" \/><div class=\"swiper-lazy-preloader\"><\/div><\/figure><\/a><\/div><div class=\"swiper-slide\" role=\"group\" aria-roledescription=\"slide\" aria-label=\"6 of 7\"><a data-elementor-open-lightbox=\"yes\" data-elementor-lightbox-slideshow=\"ad7172a\" data-elementor-lightbox-title=\"Maderno, Stefano, c.1576-1636; Saint Cecilia\" data-e-action-hash=\"#elementor-action%3Aaction%3Dlightbox%26settings%3DeyJpZCI6Njg1NCwidXJsIjoiaHR0cHM6XC9cL3RtaWRvbnVtZGVpLmNvbVwvd3AtY29udGVudFwvdXBsb2Fkc1wvMjAyM1wvMDNcLzUuU2FpbnRlLVVyc3VsYTEuanBnIiwic2xpZGVzaG93IjoiYWQ3MTcyYSJ9\" href=\"https:\/\/tmidonumdei.com\/wp-content\/uploads\/2023\/03\/5.Sainte-Ursula1.jpg\"><figure class=\"swiper-slide-inner\"><img class=\"swiper-slide-image swiper-lazy\" data-src=\"https:\/\/tmidonumdei.com\/wp-content\/uploads\/2023\/03\/5.Sainte-Ursula1-300x192.jpg\" alt=\"Maderno, Stefano; Saint Cecilia; Walker Art Gallery; http:\/\/www.artuk.org\/artworks\/saint-cecilia-298036\" \/><div class=\"swiper-lazy-preloader\"><\/div><\/figure><\/a><\/div><div class=\"swiper-slide\" role=\"group\" aria-roledescription=\"slide\" aria-label=\"7 of 7\"><a data-elementor-open-lightbox=\"yes\" data-elementor-lightbox-slideshow=\"ad7172a\" data-elementor-lightbox-title=\"7.Sainte Philomena\" data-e-action-hash=\"#elementor-action%3Aaction%3Dlightbox%26settings%3DeyJpZCI6Njg1NiwidXJsIjoiaHR0cHM6XC9cL3RtaWRvbnVtZGVpLmNvbVwvd3AtY29udGVudFwvdXBsb2Fkc1wvMjAyM1wvMDNcLzcuU2FpbnRlLVBoaWxvbWVuYS5qcGciLCJzbGlkZXNob3ciOiJhZDcxNzJhIn0%3D\" href=\"https:\/\/tmidonumdei.com\/wp-content\/uploads\/2023\/03\/7.Sainte-Philomena.jpg\"><figure class=\"swiper-slide-inner\"><img class=\"swiper-slide-image swiper-lazy\" data-src=\"https:\/\/tmidonumdei.com\/wp-content\/uploads\/2023\/03\/7.Sainte-Philomena-239x300.jpg\" alt=\"7.Sainte Philomena\" \/><div class=\"swiper-lazy-preloader\"><\/div><\/figure><\/a><\/div>\t\t\t<\/div>\n\t\t\t\t\t\t\t\t\t\t\t\t<div class=\"elementor-swiper-button elementor-swiper-button-prev\" role=\"button\" tabindex=\"0\">\n\t\t\t\t\t\t<i aria-hidden=\"true\" class=\"eicon-chevron-left\"><\/i>\t\t\t\t\t<\/div>\n\t\t\t\t\t<div class=\"elementor-swiper-button elementor-swiper-button-next\" role=\"button\" tabindex=\"0\">\n\t\t\t\t\t\t<i aria-hidden=\"true\" class=\"eicon-chevron-right\"><\/i>\t\t\t\t\t<\/div>\n\t\t\t\t\n\t\t\t\t\t\t\t\t\t<\/div>\n\t\t\t\t<\/div>\n\t\t\t\t<\/div>\n\t\t\t\t<div class=\"elementor-element elementor-element-f93d906 elementor-widget elementor-widget-spacer\" data-id=\"f93d906\" data-element_type=\"widget\" data-widget_type=\"spacer.default\">\n\t\t\t\t<div class=\"elementor-widget-container\">\n\t\t\t<style>\/*! elementor - v3.18.0 - 20-12-2023 *\/\n.elementor-column .elementor-spacer-inner{height:var(--spacer-size)}.e-con{--container-widget-width:100%}.e-con-inner>.elementor-widget-spacer,.e-con>.elementor-widget-spacer{width:var(--container-widget-width,var(--spacer-size));--align-self:var(--container-widget-align-self,initial);--flex-shrink:0}.e-con-inner>.elementor-widget-spacer>.elementor-widget-container,.e-con>.elementor-widget-spacer>.elementor-widget-container{height:100%;width:100%}.e-con-inner>.elementor-widget-spacer>.elementor-widget-container>.elementor-spacer,.e-con>.elementor-widget-spacer>.elementor-widget-container>.elementor-spacer{height:100%}.e-con-inner>.elementor-widget-spacer>.elementor-widget-container>.elementor-spacer>.elementor-spacer-inner,.e-con>.elementor-widget-spacer>.elementor-widget-container>.elementor-spacer>.elementor-spacer-inner{height:var(--container-widget-height,var(--spacer-size))}.e-con-inner>.elementor-widget-spacer.elementor-widget-empty,.e-con>.elementor-widget-spacer.elementor-widget-empty{position:relative;min-height:22px;min-width:22px}.e-con-inner>.elementor-widget-spacer.elementor-widget-empty .elementor-widget-empty-icon,.e-con>.elementor-widget-spacer.elementor-widget-empty .elementor-widget-empty-icon{position:absolute;top:0;bottom:0;left:0;right:0;margin:auto;padding:0;width:22px;height:22px}<\/style>\t\t<div class=\"elementor-spacer\">\n\t\t\t<div class=\"elementor-spacer-inner\"><\/div>\n\t\t<\/div>\n\t\t\t\t<\/div>\n\t\t\t\t<\/div>\n\t\t\t\t<div class=\"elementor-element elementor-element-4485419 elementor-invisible elementor-widget elementor-widget-heading\" data-id=\"4485419\" data-element_type=\"widget\" data-settings=\"{&quot;_animation&quot;:&quot;fadeInDown&quot;}\" data-widget_type=\"heading.default\">\n\t\t\t\t<div class=\"elementor-widget-container\">\n\t\t\t<h2 class=\"elementor-heading-title elementor-size-default\">IDENTIDADE, CARISMA E ESPIRITUALIDADE<\/h2>\t\t<\/div>\n\t\t\t\t<\/div>\n\t\t\t\t<div class=\"elementor-element elementor-element-aa5928f elementor-widget elementor-widget-spacer\" data-id=\"aa5928f\" data-element_type=\"widget\" data-widget_type=\"spacer.default\">\n\t\t\t\t<div class=\"elementor-widget-container\">\n\t\t\t\t\t<div class=\"elementor-spacer\">\n\t\t\t<div class=\"elementor-spacer-inner\"><\/div>\n\t\t<\/div>\n\t\t\t\t<\/div>\n\t\t\t\t<\/div>\n\t\t\t\t<div class=\"elementor-element elementor-element-7179add animated-slow elementor-invisible elementor-widget elementor-widget-text-editor\" data-id=\"7179add\" data-element_type=\"widget\" data-settings=\"{&quot;_animation&quot;:&quot;fadeInDown&quot;,&quot;_animation_delay&quot;:2000}\" data-widget_type=\"text-editor.default\">\n\t\t\t\t<div class=\"elementor-widget-container\">\n\t\t\t<style>\/*! elementor - v3.18.0 - 20-12-2023 *\/\n.elementor-widget-text-editor.elementor-drop-cap-view-stacked .elementor-drop-cap{background-color:#69727d;color:#fff}.elementor-widget-text-editor.elementor-drop-cap-view-framed .elementor-drop-cap{color:#69727d;border:3px solid;background-color:transparent}.elementor-widget-text-editor:not(.elementor-drop-cap-view-default) .elementor-drop-cap{margin-top:8px}.elementor-widget-text-editor:not(.elementor-drop-cap-view-default) .elementor-drop-cap-letter{width:1em;height:1em}.elementor-widget-text-editor .elementor-drop-cap{float:left;text-align:center;line-height:1;font-size:50px}.elementor-widget-text-editor .elementor-drop-cap-letter{display:inline-block}<\/style>\t\t\t\t<p><strong>As Trabalhadoras Mission\u00e1rias da Imaculada, fundadas em 11 de Fevereiro 1950 pelo Padre Marcel Roussel Galle, constituem a Sociedade de vida apost\u00f3lica de direito diocesano Donum Dei, conhecidas como as Trabalhadoras Mission\u00e1rias da Imaculada.<\/strong><br \/><strong>A Sociedade de Vida Apost\u00f3lica Donum Dei, conhecida como as Trabalhadoras Mission\u00e1rias da Imaculada, \u00e9 uma Sociedade de Vida Apost\u00f3lica de direito diocesano cujos membros vivem os conselhos evang\u00e9licos atrav\u00e9s de la\u00e7os sagrados, e levam a vida comunit\u00e1ria ao exemplo da Sagrada Fam\u00edlia de Nazar\u00e9 e, no espirito de uma fam\u00edlia internacional, visando a perfei\u00e7\u00e3o da caridade, observando as atuais Constitui\u00e7\u00f5es. (cf. can. 731)<\/strong><br \/><br \/><strong>Como membro desta Sociedade Donum Dei, realizamos a nossa voca\u00e7\u00e3o por meio de nosso trabalho, nossos diversos pastorais e de toda a nossa vida.<\/strong><\/p><p><strong>A Sociedade Donum Dei, participa do mist\u00e9rio da Igreja, vivemos o respeito, e a obedi\u00eancia aos Pastores da Igreja, especialmente ao Santo Padre o Papa. Em todas as nossas miss\u00f5es estamos comprometidos em agir em comunh\u00e3o com eles e a Igreja.<\/strong><\/p>\t\t\t\t\t\t<\/div>\n\t\t\t\t<\/div>\n\t\t\t\t<div class=\"elementor-element elementor-element-31bbeea elementor-widget elementor-widget-spacer\" data-id=\"31bbeea\" data-element_type=\"widget\" data-widget_type=\"spacer.default\">\n\t\t\t\t<div class=\"elementor-widget-container\">\n\t\t\t\t\t<div class=\"elementor-spacer\">\n\t\t\t<div class=\"elementor-spacer-inner\"><\/div>\n\t\t<\/div>\n\t\t\t\t<\/div>\n\t\t\t\t<\/div>\n\t\t\t\t<div class=\"elementor-element elementor-element-1f7a79e animated-slow elementor-invisible elementor-widget elementor-widget-text-editor\" data-id=\"1f7a79e\" data-element_type=\"widget\" data-settings=\"{&quot;_animation&quot;:&quot;fadeInDown&quot;,&quot;_animation_delay&quot;:2000}\" data-widget_type=\"text-editor.default\">\n\t\t\t\t<div class=\"elementor-widget-container\">\n\t\t\t\t\t\t\t<p><strong>Em resposta ao chamado de Jesus, n\u00f3s, virgens crist\u00e3s, nos entregamos a Ele para sempre como esposas, oferecendo-nos ao Amor misericordioso de Deus como Santa Teresinha. Participamos da obra redentora de Jesus Cristo, especialmente em seu encontro com a mulher samaritana no po\u00e7o de Jac\u00f3 (Jo 4, 1-43).\u00a0\u00a0<\/strong><\/p><p><strong>Nossa miss\u00e3o \u00e9 fazer ouvir o clamor de Jesus: \u00ab D\u00e1-me de beber \u00bb, e levar os\u00a0 homens e mulheres do nosso tempo \u00e0 Fonte de \u00c1gua Viva que brotra de seu cora\u00e7\u00e3o: \u00ab Se tu conhecesses o dom de Deus \u00bb. Assim, buscamos o fim apost\u00f3lico de nossa Sociedade Donum Dei.<\/strong><\/p><p><strong>A Virgem Maria \u00e9 para n\u00f3s o modelo perfeito de vida virginal e esponsal. \u00c9 com Ela e atrav\u00e9s dela que realizamos o nosso apostolado: conduzindo as almas \u00e1 Fonte de \u00c1gua Viva.\u00a0\u00a0\u00a0<\/strong><\/p><p><strong>\u00a0\u00ab <i>Uma Trabalhadora Mission\u00e1ria cujo forma\u00e7\u00e3o se realiza sob o olhar da Virgem Maria, (&#8230;) realizar\u00e1 somente sua voca\u00e7\u00e3o de esposa e m\u00e3e, mantendo o olhar interior voltando para a Imaculada Concei\u00e7\u00e3o.<\/i> \u00bb (SR, DLSM n. 65-66).<\/strong><\/p><p><strong>Nos passos de Santa Teresinha de Lisieux, avan\u00e7amos no caminho da inf\u00e2ncia espiritual, um caminho de confian\u00e7a e de amor. Progredimos neste caminho de santidade tendo como motivo o amor, a humildade como base, visando \u00e0 perfei\u00e7\u00e3o nas a\u00e7\u00f5es ordin\u00e1rias, no abandono \u00e0 vontade de Deus.<\/strong><\/p><p><strong>Aprendemos a amar a Deus e torna-lo amado. Convidamos todos aqueles que desejam percorrer o Caminho da inf\u00e2ncia, a oferecer-se ao Amor Misericordioso para receber no pr\u00f3prio cora\u00e7\u00e3o \u00ab <i>as ondas de infinita ternura que prov\u00eam <\/i>\u00bb\u00a0 da Sant\u00edssima Trindade.<\/strong><\/p><p><strong>Dadas ao nosso enraizamento profundo na doutrina de Santa Teresinha de Lisieux, reconhecemo-nos na espiritualidade carmelitana segundo o pensamento do fundador.<br \/><span style=\"font-weight: 400;\"><br \/><strong>Colocamo-nos tamb\u00e9m na <\/strong><\/span>escola de S\u00e3o Francisco de Sales, que \u00ab <i>notavelmente soube ensinar com sabedoria e do\u00e7ura a ci\u00eancia dos santos a todas as condi\u00e7\u00f5es de fieis.<\/i><br \/><\/strong><\/p>\t\t\t\t\t\t<\/div>\n\t\t\t\t<\/div>\n\t\t\t\t<div class=\"elementor-element elementor-element-842632e elementor-widget elementor-widget-spacer\" data-id=\"842632e\" data-element_type=\"widget\" data-widget_type=\"spacer.default\">\n\t\t\t\t<div class=\"elementor-widget-container\">\n\t\t\t\t\t<div class=\"elementor-spacer\">\n\t\t\t<div class=\"elementor-spacer-inner\"><\/div>\n\t\t<\/div>\n\t\t\t\t<\/div>\n\t\t\t\t<\/div>\n\t\t\t\t<div class=\"elementor-element elementor-element-775c9dc animated-slow elementor-invisible elementor-widget elementor-widget-text-editor\" data-id=\"775c9dc\" data-element_type=\"widget\" data-settings=\"{&quot;_animation&quot;:&quot;fadeInDown&quot;,&quot;_animation_delay&quot;:2000}\" data-widget_type=\"text-editor.default\">\n\t\t\t\t<div class=\"elementor-widget-container\">\n\t\t\t\t\t\t\t<p><b> \u00b9 \u00ab A vida consagrada, como forma de vida crist\u00e3, \u00e9 din\u00e2mica por natureza e aqueles que s\u00e3o chamado pelo Espirito a abra\u00e7a-la necessitem de constante renova\u00e7\u00e3o no crescimento para a perfeita estrutura do Corpo de Cristo. (cf Ep 4,13). Ela nasceu do impulso criativo do Espirito que conduziu os fundadores e fundadoras no caminho do Evangelho, criando uma variedade maravilhosa de Carismas. Dispon\u00edvel e d\u00f3cil para sua dire\u00e7\u00e3o, e seguem\u00a0 Cristo de mias perto. Penetravam na sua intimidade e compartilhavam plenamente sua miss\u00e3o\u201d(Congrega\u00e7\u00e3o para os Institutos de Vida Consagrada e as Sociedades de Vida Apost\u00f3lica, Instru\u00e7\u00e3o Repartir du Christ, 19.5.2002, n.20&amp; 1<\/b><br \/><b>\u00b2\u00a0\u00ab Al\u00e9m disso, a pessoa consagrada encontra na Virgem Maria uma M\u00e3e e uma capacidade muito especial. De fato, a nova maternidade conferida a Maria no Calv\u00e1rio, \u00e9 um dom dado a todos os crist\u00e3os, ela tem um valor singular para aqueles que se consagraram plenamente a Cristo. \u201cEis a tua m\u00e3e\u201d (Jo 19,27): as palavras de Jesus ao \u201cdisc\u00edpulo que ele amava\u201d (Jo 19,26) t\u00eam uma profundidade particular para a vida da pessoa consagrada. De fato, ela \u00e9 chamada, como Jo\u00e3o, a levar consigo a Bem-aventurada Virgem Maria (cf. Jo, 19,27): ela o amar\u00e1 com a radicalidade pr\u00f3pria de sua voca\u00e7\u00e3o, e em troca experimentar\u00e1 uma ternura materna muito especial. A Virgem comunica-lhe o amor que lhe permite oferecer a sua vida por Cristo todos os dias, cooperando com Ele para a salva\u00e7\u00e3o do mundo. \u00c9 por isso que a rela\u00e7\u00e3o filial com Maria constitui o meio privilegiado de fidelidade ao apelo recebido e uma ajuda muito eficaz para progredir na sua resposta e para viver plenamente a sua voca\u00e7\u00e3o \u00bb (Jo\u00e3o Paulo II, Exorta\u00e7\u00e3o ap. Vita consacrata, 25.3.1996, n. 28 \u00a7 4)<\/b><br \/><b>\u00b3\u00a0Virgens todas entregues a Cristo e imbu\u00eddas da doutrina desses dois mestres espirituais, nos entregamos ao cora\u00e7\u00e3o mundo \u00e0 maneira de Joana d\u00b4Arc.\u00a0<\/b><\/p>\t\t\t\t\t\t<\/div>\n\t\t\t\t<\/div>\n\t\t\t\t<div class=\"elementor-element elementor-element-9ed9d17 animated-slow elementor-invisible elementor-widget elementor-widget-text-editor\" data-id=\"9ed9d17\" data-element_type=\"widget\" data-settings=\"{&quot;_animation&quot;:&quot;fadeInDown&quot;,&quot;_animation_delay&quot;:2000}\" data-widget_type=\"text-editor.default\">\n\t\t\t\t<div class=\"elementor-widget-container\">\n\t\t\t\t\t\t\t<p>cf. SVADD <em>Constitutions<\/em> n. 1-9<\/p>\t\t\t\t\t\t<\/div>\n\t\t\t\t<\/div>\n\t\t\t\t\t<\/div>\n\t\t<\/div>\n\t\t\t\t\t\t\t<\/div>\n\t\t<\/section>\n\t\t\t\t<section class=\"elementor-section elementor-top-section elementor-element elementor-element-d083465 ot-traditional elementor-section-boxed elementor-section-height-default elementor-section-height-default wpr-particle-no wpr-jarallax-no wpr-parallax-no wpr-sticky-section-no\" data-id=\"d083465\" data-element_type=\"section\" data-settings=\"{&quot;_ha_eqh_enable&quot;:false}\">\n\t\t\t\t\t\t<div class=\"elementor-container elementor-column-gap-default\">\n\t\t\t\t\t<div class=\"elementor-column elementor-col-100 elementor-top-column elementor-element elementor-element-2dd1ab2 ot-flex-column-vertical\" data-id=\"2dd1ab2\" data-element_type=\"column\">\n\t\t\t<div class=\"elementor-widget-wrap\">\n\t\t\t\t\t\t\t\t\t<\/div>\n\t\t<\/div>\n\t\t\t\t\t\t\t<\/div>\n\t\t<\/section>\n\t\t\t\t\t\t\t<\/div>\n\t\t","protected":false},"excerpt":{"rendered":"<p>Quem somos ? As Trabalhadoras Mission\u00e1rias da Imaculada Previous Next IDENTIDADE, CARISMA E ESPIRITUALIDADE As Trabalhadoras Mission\u00e1rias da Imaculada, fundadas em 11 de Fevereiro 1950 pelo Padre Marcel Roussel Galle, constituem a Sociedade de vida apost\u00f3lica de direito diocesano Donum Dei, conhecidas como as Trabalhadoras Mission\u00e1rias da Imaculada.A Sociedade de Vida Apost\u00f3lica Donum Dei, conhecida [&hellip;]<\/p>\n","protected":false},"author":1,"featured_media":0,"parent":0,"menu_order":0,"comment_status":"closed","ping_status":"closed","template":"","meta":{"footnotes":""},"class_list":["post-6702","page","type-page","status-publish","hentry"],"rttpg_featured_image_url":null,"rttpg_author":{"display_name":"marvin","author_link":"https:\/\/tmidonumdei.com\/?author=1"},"rttpg_comment":0,"rttpg_category":" <a href=\"https:\/\/tmidonumdei.com\/?lang=pt\" rel=\"tag\">Portugu\u00eas<\/a>","rttpg_excerpt":"Quem somos ? As Trabalhadoras Mission\u00e1rias da Imaculada Previous Next IDENTIDADE, CARISMA E ESPIRITUALIDADE As Trabalhadoras Mission\u00e1rias da Imaculada, fundadas em 11 de Fevereiro 1950 pelo Padre Marcel Roussel Galle, constituem a Sociedade de vida apost\u00f3lica de direito diocesano Donum Dei, conhecidas como as Trabalhadoras Mission\u00e1rias da Imaculada.A Sociedade de Vida Apost\u00f3lica Donum Dei, conhecida&hellip;","_links":{"self":[{"href":"https:\/\/tmidonumdei.com\/index.php?rest_route=\/wp\/v2\/pages\/6702","targetHints":{"allow":["GET"]}}],"collection":[{"href":"https:\/\/tmidonumdei.com\/index.php?rest_route=\/wp\/v2\/pages"}],"about":[{"href":"https:\/\/tmidonumdei.com\/index.php?rest_route=\/wp\/v2\/types\/page"}],"author":[{"embeddable":true,"href":"https:\/\/tmidonumdei.com\/index.php?rest_route=\/wp\/v2\/users\/1"}],"replies":[{"embeddable":true,"href":"https:\/\/tmidonumdei.com\/index.php?rest_route=%2Fwp%2Fv2%2Fcomments&post=6702"}],"version-history":[{"count":13,"href":"https:\/\/tmidonumdei.com\/index.php?rest_route=\/wp\/v2\/pages\/6702\/revisions"}],"predecessor-version":[{"id":6862,"href":"https:\/\/tmidonumdei.com\/index.php?rest_route=\/wp\/v2\/pages\/6702\/revisions\/6862"}],"wp:attachment":[{"href":"https:\/\/tmidonumdei.com\/index.php?rest_route=%2Fwp%2Fv2%2Fmedia&parent=6702"}],"curies":[{"name":"wp","href":"https:\/\/api.w.org\/{rel}","templated":true}]}}