{"id":6571,"date":"2022-05-26T07:36:13","date_gmt":"2022-05-26T07:36:13","guid":{"rendered":"https:\/\/tmidonumdei.com\/?page_id=6571"},"modified":"2025-10-09T11:36:23","modified_gmt":"2025-10-09T03:36:23","slug":"bao-nguoi-tre","status":"publish","type":"page","link":"https:\/\/tmidonumdei.com\/?page_id=6571&lang=vi","title":{"rendered":"Thi\u00eang li\u00eang"},"content":{"rendered":"\t\t<div data-elementor-type=\"wp-page\" data-elementor-id=\"6571\" class=\"elementor elementor-6571\">\n\t\t\t\t\t\t\t\t\t<section class=\"elementor-section elementor-top-section elementor-element elementor-element-688d4b7 ot-traditional elementor-section-boxed elementor-section-height-default elementor-section-height-default wpr-particle-no wpr-jarallax-no wpr-parallax-no wpr-sticky-section-no\" data-id=\"688d4b7\" data-element_type=\"section\" data-settings=\"{&quot;_ha_eqh_enable&quot;:false}\">\n\t\t\t\t\t\t<div class=\"elementor-container elementor-column-gap-default\">\n\t\t\t\t\t<div class=\"elementor-column elementor-col-100 elementor-top-column elementor-element elementor-element-fa3cc18 ot-flex-column-vertical\" data-id=\"fa3cc18\" data-element_type=\"column\">\n\t\t\t<div class=\"elementor-widget-wrap elementor-element-populated\">\n\t\t\t\t\t\t\t\t<div class=\"elementor-element elementor-element-2fabbe9 elementor-widget elementor-widget-slider_revolution\" data-id=\"2fabbe9\" data-element_type=\"widget\" data-widget_type=\"slider_revolution.default\">\n\t\t\t\t<div class=\"elementor-widget-container\">\n\t\t\t\n\t\t<div class=\"wp-block-themepunch-revslider\">\n\t\t\t<!-- START Vietnames  Journal REVOLUTION SLIDER 6.5.20 --><p class=\"rs-p-wp-fix\"><\/p>\n\t\t\t<rs-module-wrap id=\"rev_slider_10_1_wrapper\" data-source=\"gallery\" style=\"visibility:hidden;background:transparent;padding:0;margin:0px auto;margin-top:0;margin-bottom:0;\">\n\t\t\t\t<rs-module id=\"rev_slider_10_1\" style=\"\" data-version=\"6.5.20\">\n\t\t\t\t\t<rs-slides>\n\t\t\t\t\t\t<rs-slide style=\"position: absolute;\" data-key=\"rs-40\" data-title=\"Slide\" data-filter=\"e:late3;b:10;\" data-in=\"prst:rndany;o:0;sx:1.1;sy:1.1;e:power1.in;\">\n\t\t\t\t\t\t\t<img fetchpriority=\"high\" decoding=\"async\" src=\"\/\/tmidonumdei.com\/wp-content\/plugins\/revslider\/public\/assets\/assets\/dummy.png\" alt=\"\" title=\"Journal des jeunes background\" width=\"1017\" height=\"346\" class=\"rev-slidebg tp-rs-img rs-lazyload\" data-lazyload=\"\/\/tmidonumdei.com\/wp-content\/uploads\/2022\/06\/Journal-des-jeunes-background.png\" data-bg=\"p:center top;\" data-no-retina>\n<!--\n\t\t\t\t\t\t\t--><rs-layer\n\t\t\t\t\t\t\t\tid=\"slider-10-slide-40-layer-0\" \n\t\t\t\t\t\t\t\tdata-type=\"text\"\n\t\t\t\t\t\t\t\tdata-rsp_ch=\"on\"\n\t\t\t\t\t\t\t\tdata-xy=\"x:c;xo:0,15px,15px,0;y:m,t,t,m;yo:0,140px,155px,0;\"\n\t\t\t\t\t\t\t\tdata-text=\"w:normal;s:80,60,48,35;l:95,62,52,42;fw:900;\"\n\t\t\t\t\t\t\t\tdata-frame_0=\"o:1;\"\n\t\t\t\t\t\t\t\tdata-frame_0_chars=\"d:5;x:105%;o:1;rY:45deg;rZ:90deg;\"\n\t\t\t\t\t\t\t\tdata-frame_0_mask=\"u:t;\"\n\t\t\t\t\t\t\t\tdata-frame_1=\"st:1140;sp:2610;sR:1140;\"\n\t\t\t\t\t\t\t\tdata-frame_1_chars=\"e:power4.inOut;d:10;rZ:0deg;\"\n\t\t\t\t\t\t\t\tdata-frame_1_mask=\"u:t;\"\n\t\t\t\t\t\t\t\tdata-frame_999=\"o:0;e:power4.inOut;st:w;sp:1000;sR:2650;\"\n\t\t\t\t\t\t\t\tstyle=\"z-index:12;font-family:'Montserrat';\"\n\t\t\t\t\t\t\t>THI\u00caNG LI\u00caNG \n\t\t\t\t\t\t\t<\/rs-layer><!--\n\n\t\t\t\t\t\t\t--><rs-layer\n\t\t\t\t\t\t\t\tid=\"slider-10-slide-40-layer-2\" \n\t\t\t\t\t\t\t\tdata-type=\"shape\"\n\t\t\t\t\t\t\t\tdata-rsp_ch=\"on\"\n\t\t\t\t\t\t\t\tdata-xy=\"x:c;y:m;\"\n\t\t\t\t\t\t\t\tdata-text=\"w:normal;s:20,16,12,7;l:0,20,15,9;\"\n\t\t\t\t\t\t\t\tdata-dim=\"w:1830px,1511px,1133px,700px;h:800px,660px,495px,600px;\"\n\t\t\t\t\t\t\t\tdata-frame_1=\"y:-1px,0px,0px,0px;\"\n\t\t\t\t\t\t\t\tdata-frame_999=\"o:0;st:w;sR:7700;\"\n\t\t\t\t\t\t\t\tstyle=\"z-index:8;background-color:rgba(70,48,114,0.8);\"\n\t\t\t\t\t\t\t> \n\t\t\t\t\t\t\t<\/rs-layer><!--\n\n\t\t\t\t\t\t\t--><rs-layer\n\t\t\t\t\t\t\t\tid=\"slider-10-slide-40-layer-5\" \n\t\t\t\t\t\t\t\tdata-type=\"image\"\n\t\t\t\t\t\t\t\tdata-rsp_ch=\"on\"\n\t\t\t\t\t\t\t\tdata-xy=\"x:c;xo:90px,74px,55px,92px;y:m;yo:170px,140px,105px,138px;\"\n\t\t\t\t\t\t\t\tdata-text=\"w:normal;s:20,16,12,7;l:0,20,15,9;\"\n\t\t\t\t\t\t\t\tdata-dim=\"w:124.99199999999999px,102px,76px,106.984px;h:220px,181px,135px,190px;\"\n\t\t\t\t\t\t\t\tdata-frame_0=\"x:100%;\"\n\t\t\t\t\t\t\t\tdata-frame_0_mask=\"u:t;\"\n\t\t\t\t\t\t\t\tdata-frame_1=\"st:4150;sp:2000;sR:4150;\"\n\t\t\t\t\t\t\t\tdata-frame_1_mask=\"u:t;\"\n\t\t\t\t\t\t\t\tdata-frame_999=\"sX:2;sY:2;o:0;e:power2.out;st:w;sp:1000;sR:1850;\"\n\t\t\t\t\t\t\t\tdata-frame_999_mask=\"u:t;\"\n\t\t\t\t\t\t\t\tstyle=\"z-index:10;\"\n\t\t\t\t\t\t\t><img decoding=\"async\" src=\"\/\/tmidonumdei.com\/wp-content\/plugins\/revslider\/public\/assets\/assets\/dummy.png\" alt=\"\" class=\"tp-rs-img rs-lazyload\" width=\"1440\" height=\"2560\" data-lazyload=\"\/\/tmidonumdei.com\/wp-content\/uploads\/2022\/06\/3.-Sainte-Jeanne-dArc-scaled.jpg\" data-no-retina> \n\t\t\t\t\t\t\t<\/rs-layer><!--\n\n\t\t\t\t\t\t\t--><rs-layer\n\t\t\t\t\t\t\t\tid=\"slider-10-slide-40-layer-7\" \n\t\t\t\t\t\t\t\tdata-type=\"image\"\n\t\t\t\t\t\t\t\tdata-rsp_ch=\"on\"\n\t\t\t\t\t\t\t\tdata-xy=\"x:c;y:b;yo:367px,303px,227px,355px;\"\n\t\t\t\t\t\t\t\tdata-text=\"w:normal;s:20,16,12,7;l:0,20,15,9;\"\n\t\t\t\t\t\t\t\tdata-dim=\"w:150.992px,123px,92px,144px;h:196px,161px,120px,193px;\"\n\t\t\t\t\t\t\t\tdata-frame_0=\"x:100%;\"\n\t\t\t\t\t\t\t\tdata-frame_0_mask=\"u:t;\"\n\t\t\t\t\t\t\t\tdata-frame_1=\"st:2680;sp:2000;sR:2680;\"\n\t\t\t\t\t\t\t\tdata-frame_1_mask=\"u:t;\"\n\t\t\t\t\t\t\t\tdata-frame_999=\"sX:2;sY:2;o:0;e:power2.out;st:w;sp:1000;sR:3320;\"\n\t\t\t\t\t\t\t\tdata-frame_999_mask=\"u:t;\"\n\t\t\t\t\t\t\t\tstyle=\"z-index:11;\"\n\t\t\t\t\t\t\t><img decoding=\"async\" src=\"\/\/tmidonumdei.com\/wp-content\/plugins\/revslider\/public\/assets\/assets\/dummy.png\" alt=\"\" class=\"tp-rs-img rs-lazyload\" width=\"245\" height=\"320\" data-lazyload=\"\/\/tmidonumdei.com\/wp-content\/uploads\/2022\/06\/1.-Sainte-Therese-de-Lisieux.jpg\" data-no-retina> \n\t\t\t\t\t\t\t<\/rs-layer><!--\n\n\t\t\t\t\t\t\t--><rs-layer\n\t\t\t\t\t\t\t\tid=\"slider-10-slide-40-layer-11\" \n\t\t\t\t\t\t\t\tdata-type=\"image\"\n\t\t\t\t\t\t\t\tdata-rsp_ch=\"on\"\n\t\t\t\t\t\t\t\tdata-xy=\"x:c;xo:-93px,-76px,-57px,-97px;y:m;yo:170px,140px,105px,137px;\"\n\t\t\t\t\t\t\t\tdata-text=\"w:normal;s:20,16,12,7;l:0,20,15,9;\"\n\t\t\t\t\t\t\t\tdata-dim=\"w:170px,140px,105px,138px;h:227px,187px,140px,180px;\"\n\t\t\t\t\t\t\t\tdata-frame_0=\"x:100%;\"\n\t\t\t\t\t\t\t\tdata-frame_0_mask=\"u:t;\"\n\t\t\t\t\t\t\t\tdata-frame_1=\"st:4150;sp:2000;sR:4150;\"\n\t\t\t\t\t\t\t\tdata-frame_1_mask=\"u:t;\"\n\t\t\t\t\t\t\t\tdata-frame_999=\"sX:2;sY:2;o:0;e:power2.out;st:w;sp:1000;sR:1850;\"\n\t\t\t\t\t\t\t\tdata-frame_999_mask=\"u:t;\"\n\t\t\t\t\t\t\t\tstyle=\"z-index:9;\"\n\t\t\t\t\t\t\t><img loading=\"lazy\" decoding=\"async\" src=\"\/\/tmidonumdei.com\/wp-content\/plugins\/revslider\/public\/assets\/assets\/dummy.png\" alt=\"\" class=\"tp-rs-img rs-lazyload\" width=\"460\" height=\"615\" data-lazyload=\"\/\/tmidonumdei.com\/wp-content\/uploads\/2022\/06\/2.-Saint-Francois-de-Sales.png\" data-no-retina> \n\t\t\t\t\t\t\t<\/rs-layer><!--\n-->\t\t\t\t\t\t<\/rs-slide>\n\t\t\t\t\t<\/rs-slides>\n\t\t\t\t\t<rs-static-layers><!--\n\t\t\t\t\t--><\/rs-static-layers>\n\t\t\t\t<\/rs-module>\n\t\t\t\t<script>\n\t\t\t\t\tsetREVStartSize({c: 'rev_slider_10_1',rl:[1240,1024,778,480],el:[600,600,630,600],gw:[1240,1024,768,480],gh:[600,600,630,600],type:'standard',justify:'',layout:'fullwidth',mh:\"0\"});if (window.RS_MODULES!==undefined && window.RS_MODULES.modules!==undefined && window.RS_MODULES.modules[\"revslider101\"]!==undefined) {window.RS_MODULES.modules[\"revslider101\"].once = false;window.revapi10 = undefined;if (window.RS_MODULES.checkMinimal!==undefined) window.RS_MODULES.checkMinimal()}\n\t\t\t\t<\/script>\n\t\t\t<\/rs-module-wrap>\n\t\t\t<!-- END REVOLUTION SLIDER -->\n<\/div>\n\n\t\t\t\t<\/div>\n\t\t\t\t<\/div>\n\t\t\t\t\t<\/div>\n\t\t<\/div>\n\t\t\t\t\t\t\t<\/div>\n\t\t<\/section>\n\t\t\t\t<section class=\"elementor-section elementor-top-section elementor-element elementor-element-a9edc71 ot-traditional elementor-section-boxed elementor-section-height-default elementor-section-height-default wpr-particle-no wpr-jarallax-no wpr-parallax-no wpr-sticky-section-no\" data-id=\"a9edc71\" data-element_type=\"section\" data-settings=\"{&quot;_ha_eqh_enable&quot;:false}\">\n\t\t\t\t\t\t<div class=\"elementor-container elementor-column-gap-default\">\n\t\t\t\t\t<div class=\"elementor-column elementor-col-100 elementor-top-column elementor-element elementor-element-769b30c ot-flex-column-vertical\" data-id=\"769b30c\" data-element_type=\"column\">\n\t\t\t<div class=\"elementor-widget-wrap\">\n\t\t\t\t\t\t\t\t\t<\/div>\n\t\t<\/div>\n\t\t\t\t\t\t\t<\/div>\n\t\t<\/section>\n\t\t\t\t<section class=\"elementor-section elementor-top-section elementor-element elementor-element-476236d ot-traditional elementor-section-boxed elementor-section-height-default elementor-section-height-default wpr-particle-no wpr-jarallax-no wpr-parallax-no wpr-sticky-section-no\" data-id=\"476236d\" data-element_type=\"section\" data-settings=\"{&quot;_ha_eqh_enable&quot;:false}\">\n\t\t\t\t\t\t<div class=\"elementor-container elementor-column-gap-default\">\n\t\t\t\t\t<div class=\"elementor-column elementor-col-100 elementor-top-column elementor-element elementor-element-688877f ot-flex-column-vertical\" data-id=\"688877f\" data-element_type=\"column\">\n\t\t\t<div class=\"elementor-widget-wrap elementor-element-populated\">\n\t\t\t\t\t\t\t\t<div class=\"elementor-element elementor-element-e9ec760 elementor-widget elementor-widget-heading\" data-id=\"e9ec760\" data-element_type=\"widget\" data-widget_type=\"heading.default\">\n\t\t\t\t<div class=\"elementor-widget-container\">\n\t\t\t<style>\/*! elementor - v3.18.0 - 20-12-2023 *\/\n.elementor-heading-title{padding:0;margin:0;line-height:1}.elementor-widget-heading .elementor-heading-title[class*=elementor-size-]>a{color:inherit;font-size:inherit;line-height:inherit}.elementor-widget-heading .elementor-heading-title.elementor-size-small{font-size:15px}.elementor-widget-heading .elementor-heading-title.elementor-size-medium{font-size:19px}.elementor-widget-heading .elementor-heading-title.elementor-size-large{font-size:29px}.elementor-widget-heading .elementor-heading-title.elementor-size-xl{font-size:39px}.elementor-widget-heading .elementor-heading-title.elementor-size-xxl{font-size:59px}<\/style><h2 class=\"elementor-heading-title elementor-size-default\">L\u1edcI Y\u00caU M\u1ed6I NG\u00c0Y<\/h2>\t\t<\/div>\n\t\t\t\t<\/div>\n\t\t\t\t<div class=\"elementor-element elementor-element-4f8e73e elementor-widget elementor-widget-image\" data-id=\"4f8e73e\" data-element_type=\"widget\" data-widget_type=\"image.default\">\n\t\t\t\t<div class=\"elementor-widget-container\">\n\t\t\t<style>\/*! elementor - v3.18.0 - 20-12-2023 *\/\n.elementor-widget-image{text-align:center}.elementor-widget-image a{display:inline-block}.elementor-widget-image a img[src$=\".svg\"]{width:48px}.elementor-widget-image img{vertical-align:middle;display:inline-block}<\/style>\t\t\t\t\t\t\t\t\t\t\t\t<img loading=\"lazy\" decoding=\"async\" width=\"751\" height=\"208\" src=\"https:\/\/tmidonumdei.com\/wp-content\/uploads\/2025\/10\/Cham-ngonSVADD.jpg\" class=\"attachment-large size-large wp-image-7833\" alt=\"\" \/>\t\t\t\t\t\t\t\t\t\t\t\t\t\t\t<\/div>\n\t\t\t\t<\/div>\n\t\t\t\t\t<\/div>\n\t\t<\/div>\n\t\t\t\t\t\t\t<\/div>\n\t\t<\/section>\n\t\t\t\t<section class=\"elementor-section elementor-top-section elementor-element elementor-element-81d6450 ot-traditional elementor-section-boxed elementor-section-height-default elementor-section-height-default wpr-particle-no wpr-jarallax-no wpr-parallax-no wpr-sticky-section-no\" data-id=\"81d6450\" data-element_type=\"section\" data-settings=\"{&quot;_ha_eqh_enable&quot;:false}\">\n\t\t\t\t\t\t<div class=\"elementor-container elementor-column-gap-default\">\n\t\t\t\t\t<div class=\"elementor-column elementor-col-66 elementor-top-column elementor-element elementor-element-a938fba ot-flex-column-vertical\" data-id=\"a938fba\" data-element_type=\"column\">\n\t\t\t<div class=\"elementor-widget-wrap elementor-element-populated\">\n\t\t\t\t\t\t\t\t<div class=\"elementor-element elementor-element-ae15b90 elementor-widget elementor-widget-image\" data-id=\"ae15b90\" data-element_type=\"widget\" data-widget_type=\"image.default\">\n\t\t\t\t<div class=\"elementor-widget-container\">\n\t\t\t\t\t\t\t\t\t\t\t\t\t\t\t<img loading=\"lazy\" decoding=\"async\" width=\"436\" height=\"243\" src=\"https:\/\/tmidonumdei.com\/wp-content\/uploads\/2025\/10\/Doi-Canve-1.jpg\" class=\"attachment-large size-large wp-image-7834\" alt=\"\" \/>\t\t\t\t\t\t\t\t\t\t\t\t\t\t\t<\/div>\n\t\t\t\t<\/div>\n\t\t\t\t\t<\/div>\n\t\t<\/div>\n\t\t\t\t<div class=\"elementor-column elementor-col-33 elementor-top-column elementor-element elementor-element-ab53928 ot-flex-column-vertical\" data-id=\"ab53928\" data-element_type=\"column\">\n\t\t\t<div class=\"elementor-widget-wrap elementor-element-populated\">\n\t\t\t\t\t\t\t\t<div class=\"elementor-element elementor-element-9f323ce elementor-widget__width-initial elementor-widget elementor-widget-text-editor\" data-id=\"9f323ce\" data-element_type=\"widget\" data-widget_type=\"text-editor.default\">\n\t\t\t\t<div class=\"elementor-widget-container\">\n\t\t\t<style>\/*! elementor - v3.18.0 - 20-12-2023 *\/\n.elementor-widget-text-editor.elementor-drop-cap-view-stacked .elementor-drop-cap{background-color:#69727d;color:#fff}.elementor-widget-text-editor.elementor-drop-cap-view-framed .elementor-drop-cap{color:#69727d;border:3px solid;background-color:transparent}.elementor-widget-text-editor:not(.elementor-drop-cap-view-default) .elementor-drop-cap{margin-top:8px}.elementor-widget-text-editor:not(.elementor-drop-cap-view-default) .elementor-drop-cap-letter{width:1em;height:1em}.elementor-widget-text-editor .elementor-drop-cap{float:left;text-align:center;line-height:1;font-size:50px}.elementor-widget-text-editor .elementor-drop-cap-letter{display:inline-block}<\/style>\t\t\t\t<p><b>\u00a0 \u00a0 \u00a0 <em><span style=\"color: #993366;\">&#8220;Thi\u00ean Ch\u00faa y\u00eau th\u1ebf gian \u0111\u1ebfn n\u1ed7i \u0111\u00e3 ban Con M\u1ed9t, \u0111\u1ec3 ai tin v\u00e0o Con c\u1ee7a Ng\u01b0\u1eddi th\u00ec kh\u1ecfi ph\u1ea3i ch\u1ebft, nh\u01b0ng \u0111\u01b0\u1ee3c s\u1ed1ng mu\u00f4n \u0111\u1eddi<\/span><\/em><\/b><em><span style=\"color: #993366;\">.&#8221;<\/span><\/em> (Ga 3,16)<\/p><p>\u00a0 \u00a0 \u00a0 \u00a0 T\u00ecnh y\u00eau Thi\u00ean Ch\u00faa d\u00e0nh cho ta kh\u00f4ng ph\u1ea3i l\u00e0 c\u1ea3m x\u00fac nh\u1ea5t th\u1eddi, m\u00e0 l\u00e0 m\u1ed9t t\u00ecnh y\u00eau d\u00e1m hy sinh, d\u00e1m cho \u0111i \u0111\u1ebfn qu\u00ean m\u00ecnh\u00a0 \u0111\u1ec3 ta \u0111\u01b0\u1ee3c s\u1ed1ng. Trong khi ta c\u00f2n y\u1ebfu \u0111u\u1ed1i, c\u00f2n l\u1ea7m l\u1ed7i, Ch\u00faa Gi\u00easu \u0111\u00e3 b\u01b0\u1edbc l\u00ean th\u1eadp gi\u00e1, trao cho ta c\u1ea3 m\u1ea1ng s\u1ed1ng Ng\u00e0i v\u00ec y\u00eau ta.<\/p><p>\u00a0 \u00a0 \u00a0 \u00a0V\u00ec th\u1ebf, h\u00e3y tin t\u01b0\u1edfng v\u00e0 ph\u00f3 th\u00e1c n\u01a1i Ch\u00faa, nh\u1ea5t l\u00e0 khi b\u1ea1n c\u1ea3m th\u1ea5y c\u00f4 \u0111\u01a1n, th\u1ea5t b\u1ea1i hay m\u1ea5t ph\u01b0\u01a1ng h\u01b0\u1edbng. T\u00ecnh y\u00eau Thi\u00ean Ch\u00faa kh\u00f4ng \u0111\u1ed5i thay, v\u00e0 Ng\u00e0i v\u1eabn ch\u1edd b\u1ea1n tr\u1edf v\u1ec1. H\u00e3y m\u1edf l\u00f2ng ra, \u0111\u1ec3 cho t\u00ecnh y\u00eau \u1ea5y l\u00e0m m\u1edbi l\u1ea1i tr\u00e1i tim, th\u1eafp s\u00e1ng l\u1ea1i ni\u1ec1m hy v\u1ecdng v\u00e0 h\u01b0\u1edbng d\u1eabn t\u1eebng b\u01b0\u1edbc \u0111\u1eddi b\u1ea1n.<\/p><p style=\"text-align: center;\"><span style=\"color: #993366;\"><em><strong>H\u00e3y tin, h\u00e3y t\u00edn th\u00e1c, v\u00ec b\u1ea1n \u0111\u01b0\u1ee3c y\u00eau \u2013 m\u00e3i m\u00e3i&#8230;.<\/strong><\/em><\/span><\/p>\t\t\t\t\t\t<\/div>\n\t\t\t\t<\/div>\n\t\t\t\t\t<\/div>\n\t\t<\/div>\n\t\t\t\t\t\t\t<\/div>\n\t\t<\/section>\n\t\t\t\t<section class=\"elementor-section elementor-top-section elementor-element elementor-element-965f705 ot-traditional elementor-section-boxed elementor-section-height-default elementor-section-height-default wpr-particle-no wpr-jarallax-no wpr-parallax-no wpr-sticky-section-no\" data-id=\"965f705\" data-element_type=\"section\" data-settings=\"{&quot;_ha_eqh_enable&quot;:false}\">\n\t\t\t\t\t\t<div class=\"elementor-container elementor-column-gap-default\">\n\t\t\t\t\t<div class=\"elementor-column elementor-col-100 elementor-top-column elementor-element elementor-element-b9a75b7 ot-flex-column-vertical\" data-id=\"b9a75b7\" data-element_type=\"column\">\n\t\t\t<div class=\"elementor-widget-wrap\">\n\t\t\t\t\t\t\t\t\t<\/div>\n\t\t<\/div>\n\t\t\t\t\t\t\t<\/div>\n\t\t<\/section>\n\t\t\t\t<section class=\"elementor-section elementor-top-section elementor-element elementor-element-ac95bfbe5f4258 ot-traditional elementor-section-boxed elementor-section-height-default elementor-section-height-default wpr-particle-no wpr-jarallax-no wpr-parallax-no wpr-sticky-section-no\" data-id=\"ac95bfbe5f4258\" data-element_type=\"section\" data-settings=\"{&quot;_ha_eqh_enable&quot;:false}\">\n\t\t\t\t\t\t<div class=\"elementor-container elementor-column-gap-default\">\n\t\t\t\t\t<div class=\"elementor-column elementor-col-100 elementor-top-column elementor-element elementor-element-4b8a688 ot-flex-column-vertical\" data-id=\"4b8a688\" data-element_type=\"column\">\n\t\t\t<div class=\"elementor-widget-wrap\">\n\t\t\t\t\t\t\t\t\t<\/div>\n\t\t<\/div>\n\t\t\t\t\t\t\t<\/div>\n\t\t<\/section>\n\t\t\t\t<section class=\"elementor-section elementor-top-section elementor-element elementor-element-b71c2840f66c98 ot-traditional elementor-section-boxed elementor-section-height-default elementor-section-height-default wpr-particle-no wpr-jarallax-no wpr-parallax-no wpr-sticky-section-no\" data-id=\"b71c2840f66c98\" data-element_type=\"section\" data-settings=\"{&quot;_ha_eqh_enable&quot;:false}\">\n\t\t\t\t\t\t<div class=\"elementor-container elementor-column-gap-custom\">\n\t\t\t\t\t<div class=\"elementor-column elementor-col-66 elementor-top-column elementor-element elementor-element-883438e ot-flex-column-vertical\" data-id=\"883438e\" data-element_type=\"column\">\n\t\t\t<div class=\"elementor-widget-wrap\">\n\t\t\t\t\t\t\t\t\t<\/div>\n\t\t<\/div>\n\t\t\t\t<div class=\"elementor-column elementor-col-33 elementor-top-column elementor-element elementor-element-5241f8b ot-flex-column-vertical\" data-id=\"5241f8b\" data-element_type=\"column\">\n\t\t\t<div class=\"elementor-widget-wrap\">\n\t\t\t\t\t\t\t\t\t<\/div>\n\t\t<\/div>\n\t\t\t\t\t\t\t<\/div>\n\t\t<\/section>\n\t\t\t\t<section class=\"elementor-section elementor-top-section elementor-element elementor-element-44b64b8 ot-traditional elementor-section-boxed elementor-section-height-default elementor-section-height-default wpr-particle-no wpr-jarallax-no wpr-parallax-no wpr-sticky-section-no\" data-id=\"44b64b8\" data-element_type=\"section\" data-settings=\"{&quot;_ha_eqh_enable&quot;:false}\">\n\t\t\t\t\t\t<div class=\"elementor-container elementor-column-gap-default\">\n\t\t\t\t\t<div class=\"elementor-column elementor-col-100 elementor-top-column elementor-element elementor-element-86323e7 ot-flex-column-vertical\" data-id=\"86323e7\" data-element_type=\"column\">\n\t\t\t<div class=\"elementor-widget-wrap\">\n\t\t\t\t\t\t\t\t\t<\/div>\n\t\t<\/div>\n\t\t\t\t\t\t\t<\/div>\n\t\t<\/section>\n\t\t\t\t<section class=\"elementor-section elementor-top-section elementor-element elementor-element-9737b3b ot-traditional elementor-section-boxed elementor-section-height-default elementor-section-height-default wpr-particle-no wpr-jarallax-no wpr-parallax-no wpr-sticky-section-no\" data-id=\"9737b3b\" data-element_type=\"section\" data-settings=\"{&quot;_ha_eqh_enable&quot;:false}\">\n\t\t\t\t\t\t<div class=\"elementor-container elementor-column-gap-default\">\n\t\t\t\t\t<div class=\"elementor-column elementor-col-100 elementor-top-column elementor-element elementor-element-b8ae75c ot-flex-column-vertical\" data-id=\"b8ae75c\" data-element_type=\"column\">\n\t\t\t<div class=\"elementor-widget-wrap\">\n\t\t\t\t\t\t\t\t\t<\/div>\n\t\t<\/div>\n\t\t\t\t\t\t\t<\/div>\n\t\t<\/section>\n\t\t\t\t\t\t\t<\/div>\n\t\t","protected":false},"excerpt":{"rendered":"<p>L\u1edcI Y\u00caU M\u1ed6I NG\u00c0Y \u00a0 \u00a0 \u00a0 &#8220;Thi\u00ean Ch\u00faa y\u00eau th\u1ebf gian \u0111\u1ebfn n\u1ed7i \u0111\u00e3 ban Con M\u1ed9t, \u0111\u1ec3 ai tin v\u00e0o Con c\u1ee7a Ng\u01b0\u1eddi th\u00ec kh\u1ecfi ph\u1ea3i ch\u1ebft, nh\u01b0ng \u0111\u01b0\u1ee3c s\u1ed1ng mu\u00f4n \u0111\u1eddi.&#8221; (Ga 3,16) \u00a0 \u00a0 \u00a0 \u00a0 T\u00ecnh y\u00eau Thi\u00ean Ch\u00faa d\u00e0nh cho ta kh\u00f4ng ph\u1ea3i l\u00e0 c\u1ea3m x\u00fac nh\u1ea5t th\u1eddi, m\u00e0 [&hellip;]<\/p>\n","protected":false},"author":1,"featured_media":0,"parent":0,"menu_order":0,"comment_status":"closed","ping_status":"closed","template":"","meta":{"footnotes":""},"class_list":["post-6571","page","type-page","status-publish","hentry"],"rttpg_featured_image_url":null,"rttpg_author":{"display_name":"marvin","author_link":"https:\/\/tmidonumdei.com\/?author=1"},"rttpg_comment":0,"rttpg_category":" <a href=\"https:\/\/tmidonumdei.com\/?lang=vi\" rel=\"tag\">Ti\u1ebfng Vi\u1ec7t<\/a>","rttpg_excerpt":"L\u1edcI Y\u00caU M\u1ed6I NG\u00c0Y \u00a0 \u00a0 \u00a0 &#8220;Thi\u00ean Ch\u00faa y\u00eau th\u1ebf gian \u0111\u1ebfn n\u1ed7i \u0111\u00e3 ban Con M\u1ed9t, \u0111\u1ec3 ai tin v\u00e0o Con c\u1ee7a Ng\u01b0\u1eddi th\u00ec kh\u1ecfi ph\u1ea3i ch\u1ebft, nh\u01b0ng \u0111\u01b0\u1ee3c s\u1ed1ng mu\u00f4n \u0111\u1eddi.&#8221; (Ga 3,16) \u00a0 \u00a0 \u00a0 \u00a0 T\u00ecnh y\u00eau Thi\u00ean Ch\u00faa d\u00e0nh cho ta kh\u00f4ng ph\u1ea3i l\u00e0 c\u1ea3m x\u00fac nh\u1ea5t th\u1eddi, m\u00e0&hellip;","_links":{"self":[{"href":"https:\/\/tmidonumdei.com\/index.php?rest_route=\/wp\/v2\/pages\/6571","targetHints":{"allow":["GET"]}}],"collection":[{"href":"https:\/\/tmidonumdei.com\/index.php?rest_route=\/wp\/v2\/pages"}],"about":[{"href":"https:\/\/tmidonumdei.com\/index.php?rest_route=\/wp\/v2\/types\/page"}],"author":[{"embeddable":true,"href":"https:\/\/tmidonumdei.com\/index.php?rest_route=\/wp\/v2\/users\/1"}],"replies":[{"embeddable":true,"href":"https:\/\/tmidonumdei.com\/index.php?rest_route=%2Fwp%2Fv2%2Fcomments&post=6571"}],"version-history":[{"count":38,"href":"https:\/\/tmidonumdei.com\/index.php?rest_route=\/wp\/v2\/pages\/6571\/revisions"}],"predecessor-version":[{"id":7837,"href":"https:\/\/tmidonumdei.com\/index.php?rest_route=\/wp\/v2\/pages\/6571\/revisions\/7837"}],"wp:attachment":[{"href":"https:\/\/tmidonumdei.com\/index.php?rest_route=%2Fwp%2Fv2%2Fmedia&parent=6571"}],"curies":[{"name":"wp","href":"https:\/\/api.w.org\/{rel}","templated":true}]}}